{"id":207,"date":"2026-04-06T03:56:25","date_gmt":"2026-04-06T03:56:25","guid":{"rendered":"https:\/\/themathcraft.com\/?page_id=207"},"modified":"2026-04-06T04:21:46","modified_gmt":"2026-04-06T04:21:46","slug":"2-sinif-kesif-yolculugu","status":"publish","type":"page","link":"https:\/\/themathcraft.com\/?page_id=207","title":{"rendered":"2. S\u0131n\u0131f Ke\u015fif Yolculu\u011fu"},"content":{"rendered":"","protected":false},"excerpt":{"rendered":"","protected":false},"author":1,"featured_media":0,"parent":0,"menu_order":0,"comment_status":"closed","ping_status":"closed","template":"","meta":{"footnotes":""},"class_list":["post-207","page","type-page","status-publish","hentry"],"_links":{"self":[{"href":"https:\/\/themathcraft.com\/index.php?rest_route=\/wp\/v2\/pages\/207","targetHints":{"allow":["GET"]}}],"collection":[{"href":"https:\/\/themathcraft.com\/index.php?rest_route=\/wp\/v2\/pages"}],"about":[{"href":"https:\/\/themathcraft.com\/index.php?rest_route=\/wp\/v2\/types\/page"}],"author":[{"embeddable":true,"href":"https:\/\/themathcraft.com\/index.php?rest_route=\/wp\/v2\/users\/1"}],"replies":[{"embeddable":true,"href":"https:\/\/themathcraft.com\/index.php?rest_route=%2Fwp%2Fv2%2Fcomments&post=207"}],"version-history":[{"count":1,"href":"https:\/\/themathcraft.com\/index.php?rest_route=\/wp\/v2\/pages\/207\/revisions"}],"predecessor-version":[{"id":208,"href":"https:\/\/themathcraft.com\/index.php?rest_route=\/wp\/v2\/pages\/207\/revisions\/208"}],"wp:attachment":[{"href":"https:\/\/themathcraft.com\/index.php?rest_route=%2Fwp%2Fv2%2Fmedia&parent=207"}],"curies":[{"name":"wp","href":"https:\/\/api.w.org\/{rel}","templated":true}]}}